{"id":6,"date":"2017-06-10T08:24:41","date_gmt":"2017-06-10T08:24:41","guid":{"rendered":"http:\/\/xtratheme.com\/business\/?page_id=6"},"modified":"2020-12-26T11:07:02","modified_gmt":"2020-12-26T11:07:02","slug":"network","status":"publish","type":"page","link":"https:\/\/alryada.ly\/en\/network\/","title":{"rendered":"Network"},"content":{"rendered":"<section class=\"wpb-content-wrapper\"><p>[vc_row full_width=&#8221;stretch_row&#8221; css=&#8221;.vc_custom_1608648750187{background-image: url(https:\/\/alryada.ly\/wp-content\/uploads\/2020\/12\/map-1.png?id=1612) !important;background-position: center !important;background-repeat: no-repeat !important;background-size: cover !important;}&#8221;][vc_column]<div class=\"cz_gap clr \" style=\"height: 77px\"><\/div><div id=\"cz_31974\" class=\"cz_31974 cz_title clr cz_title_pos_inline tac\"><div class=\"cz_title_shape shape_image cz_shape_2\"><img width=\"104\" height=\"66\" src=\"data:image\/svg+xml,%3Csvg%20xmlns%3D&#39;http%3A%2F%2Fwww.w3.org%2F2000%2Fsvg&#39;%20width=&#39;104&#39;%20height=&#39;66&#39;%20viewBox%3D&#39;0%200%20104%2066&#39;%2F%3E\" data-czlz data-src=\"https:\/\/alryada.ly\/en\/wp-content\/uploads\/2020\/11\/\u0627\u0644\u0631\u064a\u0627\u062f\u0629-1.png\" class=\"attachment-full\" alt=\"\" decoding=\"async\" title=\"\u0627\u0644\u0631\u064a\u0627\u062f\u0629\" \/><\/div><div class=\"cz_title_content\"><div class=\"cz_wpe_content\"><p style=\"text-align: center;\"><span style=\"font-size: 50px;\">Map of our offices<\/span><\/p>\n<\/div><\/div><\/div><div class=\"cz_gap clr \" style=\"height: 70px\"><\/div>[\/vc_column][vc_column width=&#8221;1\/2&#8243;]<div id=\"cz_13669\" data-arrows='{\"open\":\"fa fa-angle-down\",\"close\":\"fa fa-angle-up\"}' class=\"cz_13669 cz_acc clr\"><div><div id=\"cz_76216\"><span class=\"cz_acc_child\"><i class=\"cz-acc-i cz-acc-icon fa czico-082-maps-and-flags\" style=\"font-size:30px;color:#0028ba;\"><\/i><div>NINGBO<\/div><\/span><div class=\"cz_acc_child_content clr\"><ul id=\"cz_74855\" class=\"cz_74855 cz_stylish_list clr cz_sl_icon_hover_push_in\"><li class=\"clr\"><div class=\"cz_sl_icon\"><i class=\"fa czico-092-phone-call-1 mr10\"><\/i><\/div><div><span>Phone<small>86-574-87190957<\/small><\/span><\/div><\/li><li class=\"clr\"><div class=\"cz_sl_icon\"><i class=\"fas fa-fax mr10\"><\/i><\/div><div><span>Fax<small>86-574-87190950 | 87190959<\/small><\/span><\/div><\/li><li class=\"clr\"><div class=\"cz_sl_icon\"><i class=\"fas fa-mobile-alt mr10\"><\/i><\/div><div><span>Mobile<small>86-13819805855<\/small><\/span><\/div><\/li><li class=\"clr\"><div class=\"cz_sl_icon\"><i class=\"fa czico-088-envelope-of-white-paper mr10\"><\/i><\/div><div><span>Email<small>otal-ngb@chiaofeng.com.cn<\/small><\/span><\/div><\/li><li class=\"clr\"><div class=\"cz_sl_icon\"><i class=\"fa czico-083-placeholder-1 mr10\"><\/i><\/div><div><span>Location<small>Room 1211, 12\/F., PICC Building, No.50 Da Lai Street, Haishu District, Ningbo 315010, China<\/small><\/span><\/div><\/li><\/ul><\/div><\/div><div id=\"cz_76216\"><span class=\"cz_acc_child\"><i class=\"cz-acc-i cz-acc-icon fa czico-082-maps-and-flags\" style=\"font-size:30px;color:#0028ba;\"><\/i><div>GUANGZHOU \/ SHENZHEN<\/div><\/span><div class=\"cz_acc_child_content clr\"><ul id=\"cz_86122\" class=\"cz_86122 cz_stylish_list clr cz_sl_icon_hover_push_in\"><li class=\"clr\"><div class=\"cz_sl_icon\"><i class=\"fa czico-092-phone-call-1 mr10\"><\/i><\/div><div><span>Phone<small>86-20-81368635 | 81368097 | 81366780<\/small><\/span><\/div><\/li><li class=\"clr\"><div class=\"cz_sl_icon\"><i class=\"fas fa-fax mr10\"><\/i><\/div><div><span>Fax<small>86-20-81368695<\/small><\/span><\/div><\/li><li class=\"clr\"><div class=\"cz_sl_icon\"><i class=\"fas fa-mobile-alt mr10\"><\/i><\/div><div><span>Mobile<small>86-13751807974 | 86-13760849990 |  86-13560401074<\/small><\/span><\/div><\/li><li class=\"clr\"><div class=\"cz_sl_icon\"><i class=\"fa czico-088-envelope-of-white-paper mr10\"><\/i><\/div><div><span>Email<small>Sanusi-guz@chiaofeng.com.cn<\/small><\/span><\/div><\/li><li class=\"clr\"><div class=\"cz_sl_icon\"><i class=\"fa czico-083-placeholder-1 mr10\"><\/i><\/div><div><span>Location<small>Room 413-414, Times International Building, No.187 Dong Feng Road West, Yue Xiu District, Guangzhou 510170, Guangdong Province, China<\/small><\/span><\/div><\/li><\/ul><\/div><\/div><div id=\"cz_76216\"><span class=\"cz_acc_child\"><i class=\"cz-acc-i cz-acc-icon fa czico-082-maps-and-flags\" style=\"font-size:30px;color:#0028ba;\"><\/i><div>XIAMEN \/ FUZHOU<\/div><\/span><div class=\"cz_acc_child_content clr\"><ul id=\"cz_77785\" class=\"cz_77785 cz_stylish_list clr cz_sl_icon_hover_push_in\"><li class=\"clr\"><div class=\"cz_sl_icon\"><i class=\"fa czico-092-phone-call-1 mr10\"><\/i><\/div><div><span>Phone<small>0592-2652906<\/small><\/span><\/div><\/li><li class=\"clr\"><div class=\"cz_sl_icon\"><i class=\"fas fa-fax mr10\"><\/i><\/div><div><span>Fax<small>0592-2652900<\/small><\/span><\/div><\/li><li class=\"clr\"><div class=\"cz_sl_icon\"><i class=\"fas fa-mobile-alt mr10\"><\/i><\/div><div><span>Mobile<small>15759263561<\/small><\/span><\/div><\/li><li class=\"clr\"><div class=\"cz_sl_icon\"><i class=\"fa czico-088-envelope-of-white-paper mr10\"><\/i><\/div><div><span>Email<small>operation-xmn@chiaofeng.com.cn<\/small><\/span><\/div><\/li><li class=\"clr\"><div class=\"cz_sl_icon\"><i class=\"fa czico-083-placeholder-1 mr10\"><\/i><\/div><div><span>Location<small>B6, 13\/F., Xiangyu Building, Xiangyu Free Trade Zone, Xiamen 361006, Fujian Province, China<\/small><\/span><\/div><\/li><\/ul><\/div><\/div><div id=\"cz_76216\"><span class=\"cz_acc_child\"><i class=\"cz-acc-i cz-acc-icon fa czico-082-maps-and-flags\" style=\"font-size:30px;color:#0028ba;\"><\/i><div>TAIWAN<\/div><\/span><div class=\"cz_acc_child_content clr\"><ul id=\"cz_101442\" class=\"cz_101442 cz_stylish_list clr cz_sl_icon_hover_push_in\"><li class=\"clr\"><div class=\"cz_sl_icon\"><i class=\"fa czico-092-phone-call-1 mr10\"><\/i><\/div><div><span>Phone<small>00886-2-2550-6777<\/small><\/span><\/div><\/li><li class=\"clr\"><div class=\"cz_sl_icon\"><i class=\"fas fa-fax mr10\"><\/i><\/div><div><span>Fax<small>00886-2-2550-1222<\/small><\/span><\/div><\/li><li class=\"clr\"><div class=\"cz_sl_icon\"><i class=\"fa czico-083-placeholder-1 mr10\"><\/i><\/div><div><span>Location<small>5F, No, 299, Minsheng West Road Taipei, Taiwan<\/small><\/span><\/div><\/li><\/ul><\/div><\/div><div id=\"cz_76216\"><span class=\"cz_acc_child\"><i class=\"cz-acc-i cz-acc-icon fa czico-082-maps-and-flags\" style=\"font-size:30px;color:#0028ba;\"><\/i><div>KOREA<\/div><\/span><div class=\"cz_acc_child_content clr\"><ul id=\"cz_23435\" class=\"cz_23435 cz_stylish_list clr cz_sl_icon_hover_push_in\"><li class=\"clr\"><div class=\"cz_sl_icon\"><i class=\"fa czico-092-phone-call-1 mr10\"><\/i><\/div><div><span>Phone<small>008227180505<\/small><\/span><\/div><\/li><li class=\"clr\"><div class=\"cz_sl_icon\"><i class=\"fas fa-fax mr10\"><\/i><\/div><div><span>Fax<small>008227119400<\/small><\/span><\/div><\/li><li class=\"clr\"><div class=\"cz_sl_icon\"><i class=\"fa czico-083-placeholder-1 mr10\"><\/i><\/div><div><span>Location<small>m 402, Kunshin New Bldg, 250-4 Dohwa-Dong, Mapo-Ku Seoul,. KOREA<\/small><\/span><\/div><\/li><\/ul><\/div><\/div><div id=\"cz_76216\"><span class=\"cz_acc_child\"><i class=\"cz-acc-i cz-acc-icon fa czico-082-maps-and-flags\" style=\"font-size:30px;color:#0028ba;\"><\/i><div>INDIA<\/div><\/span><div class=\"cz_acc_child_content clr\"><ul id=\"cz_31225\" class=\"cz_31225 cz_stylish_list clr cz_sl_icon_hover_push_in\"><li class=\"clr\"><div class=\"cz_sl_icon\"><i class=\"fa czico-092-phone-call-1 mr10\"><\/i><\/div><div><span>Phone<small>9122637315400+ | 67315709\/08<\/small><\/span><\/div><\/li><li class=\"clr\"><div class=\"cz_sl_icon\"><i class=\"fa czico-088-envelope-of-white-paper mr10\"><\/i><\/div><div><span>Email<small>logisticss@neptunecontainers.com<\/small><\/span><\/div><\/li><li class=\"clr\"><div class=\"cz_sl_icon\"><i class=\"fa czico-083-placeholder-1 mr10\"><\/i><\/div><div><span>Location<small>511-B, Damji Shamji Corporate Square Off LBS Marg to Eastern Express Highway Road, Next to Kanara Business Centre, Ghatkopar (East), Mumbai 400075, INDIA<\/small><\/span><\/div><\/li><\/ul><\/div><\/div><div id=\"cz_76216\"><span class=\"cz_acc_child\"><i class=\"cz-acc-i cz-acc-icon fa czico-082-maps-and-flags\" style=\"font-size:30px;color:#0028ba;\"><\/i><div>VIETNAM<\/div><\/span><div class=\"cz_acc_child_content clr\"><ul id=\"cz_61209\" class=\"cz_61209 cz_stylish_list clr cz_sl_icon_hover_push_in\"><li class=\"clr\"><div class=\"cz_sl_icon\"><i class=\"fa czico-092-phone-call-1 mr10\"><\/i><\/div><div><span>Phone<small>+84838998696<\/small><\/span><\/div><\/li><li class=\"clr\"><div class=\"cz_sl_icon\"><i class=\"fas fa-mobile-alt mr10\"><\/i><\/div><div><span>Mobile<small>84915513131+<\/small><\/span><\/div><\/li><li class=\"clr\"><div class=\"cz_sl_icon\"><i class=\"fa czico-088-envelope-of-white-paper mr10\"><\/i><\/div><div><span>Email<small>info@alryada.ly<\/small><\/span><\/div><\/li><li class=\"clr\"><div class=\"cz_sl_icon\"><i class=\"fa czico-083-placeholder-1 mr10\"><\/i><\/div><div><span>Location<small>geert.v.doorslaer@tmforwarding.com  <\/small><\/span><\/div><\/li><\/ul><\/div><\/div><div id=\"cz_76216\"><span class=\"cz_acc_child\"><i class=\"cz-acc-i cz-acc-icon fa czico-082-maps-and-flags\" style=\"font-size:30px;color:#0028ba;\"><\/i><div>MALAYSIA<\/div><\/span><div class=\"cz_acc_child_content clr\"><ul id=\"cz_64501\" class=\"cz_64501 cz_stylish_list clr cz_sl_icon_hover_push_in\"><li class=\"clr\"><div class=\"cz_sl_icon\"><i class=\"fa czico-092-phone-call-1 mr10\"><\/i><\/div><div><span>Phone<small>0060331671741<\/small><\/span><\/div><\/li><li class=\"clr\"><div class=\"cz_sl_icon\"><i class=\"fas fa-fax mr10\"><\/i><\/div><div><span>Fax<small>316767828 | 0060331671742<\/small><\/span><\/div><\/li><li class=\"clr\"><div class=\"cz_sl_icon\"><i class=\"fa czico-083-placeholder-1 mr10\"><\/i><\/div><div><span>Location<small>No. 127B, 2nd Flr. Persiaran Raja Muda Musa 42000 Port Klang, Selangor Darul Ehsan, Malaysia<\/small><\/span><\/div><\/li><\/ul><\/div><\/div><div id=\"cz_76216\"><span class=\"cz_acc_child\"><i class=\"cz-acc-i cz-acc-icon fa czico-082-maps-and-flags\" style=\"font-size:30px;color:#0028ba;\"><\/i><div>ITALY<\/div><\/span><div class=\"cz_acc_child_content clr\"><ul id=\"cz_98341\" class=\"cz_98341 cz_stylish_list clr cz_sl_icon_hover_push_in\"><li class=\"clr\"><div class=\"cz_sl_icon\"><i class=\"fa czico-092-phone-call-1 mr10\"><\/i><\/div><div><span>Phone<small>390292893226+<\/small><\/span><\/div><\/li><li class=\"clr\"><div class=\"cz_sl_icon\"><i class=\"fa czico-088-envelope-of-white-paper mr10\"><\/i><\/div><div><span>Email<small>giorgia.puglisi@fiege.com<\/small><\/span><\/div><\/li><li class=\"clr\"><div class=\"cz_sl_icon\"><i class=\"fa czico-083-placeholder-1 mr10\"><\/i><\/div><div><span>Location<small>Fiege Forwarding Italy Srl  |  Via Juan Manuel Fangio 11 | 20020 Lainate (MI) | Italy<\/small><\/span><\/div><\/li><\/ul><\/div><\/div><\/div><\/div>[\/vc_column][vc_column width=&#8221;1\/2&#8243;]<div id=\"cz_38205\" data-arrows='{\"open\":\"fa fa-angle-down\",\"close\":\"fa fa-angle-up\"}' class=\"cz_38205 cz_acc clr\"><div><div id=\"cz_76216\"><span class=\"cz_acc_child\"><i class=\"cz-acc-i cz-acc-icon fa czico-082-maps-and-flags\" style=\"font-size:30px;color:#0028ba;\"><\/i><div>UNITED ARAB EMIRATES<\/div><\/span><div class=\"cz_acc_child_content clr\"><ul id=\"cz_35446\" class=\"cz_35446 cz_stylish_list clr cz_sl_icon_hover_push_in\"><li class=\"clr\"><div class=\"cz_sl_icon\"><i class=\"fa czico-092-phone-call-1 mr10\"><\/i><\/div><div><span>Phone<small>9714-2241645+<\/small><\/span><\/div><\/li><li class=\"clr\"><div class=\"cz_sl_icon\"><i class=\"fa czico-088-envelope-of-white-paper mr10\"><\/i><\/div><div><span>Email<small>info@nashco.me<\/small><\/span><\/div><\/li><li class=\"clr\"><div class=\"cz_sl_icon\"><i class=\"fa czico-083-placeholder-1 mr10\"><\/i><\/div><div><span>Location<small>Al Etihad Road, Deira, Opp. Of Deira City Centre  Centurion Star Tower A Office Nos - 503-504 Dubai, United Arab Emirates<\/small><\/span><\/div><\/li><\/ul><\/div><\/div><div id=\"cz_76216\"><span class=\"cz_acc_child\"><i class=\"cz-acc-i cz-acc-icon fa czico-082-maps-and-flags\" style=\"font-size:30px;color:#0028ba;\"><\/i><div>QINGDAO \/ TIANJIN \/ DALIAN<\/div><\/span><div class=\"cz_acc_child_content clr\"><ul id=\"cz_34856\" class=\"cz_34856 cz_stylish_list clr cz_sl_icon_hover_push_in\"><li class=\"clr\"><div class=\"cz_sl_icon\"><i class=\"fa czico-092-phone-call-1 mr10\"><\/i><\/div><div><span>Phone<small>85757880 | 86-532-85778670<\/small><\/span><\/div><\/li><li class=\"clr\"><div class=\"cz_sl_icon\"><i class=\"fas fa-fax mr10\"><\/i><\/div><div><span>Fax<small>86-532-85757139<\/small><\/span><\/div><\/li><li class=\"clr\"><div class=\"cz_sl_icon\"><i class=\"fas fa-mobile-alt mr10\"><\/i><\/div><div><span>Mobile<small>86-13793280408<\/small><\/span><\/div><\/li><li class=\"clr\"><div class=\"cz_sl_icon\"><i class=\"fa czico-088-envelope-of-white-paper mr10\"><\/i><\/div><div><span>Email<small>linda-tao@chiaofeng.com.cn<\/small><\/span><\/div><\/li><li class=\"clr\"><div class=\"cz_sl_icon\"><i class=\"fa czico-083-placeholder-1 mr10\"><\/i><\/div><div><span>Location<small>16\/F., Times Square, No. 52 Hong Kong Middle Road, Qingdao 266071, Shandong Province, China<\/small><\/span><\/div><\/li><\/ul><\/div><\/div><div id=\"cz_76216\"><span class=\"cz_acc_child\"><i class=\"cz-acc-i cz-acc-icon fa czico-082-maps-and-flags\" style=\"font-size:30px;color:#0028ba;\"><\/i><div>SHANGHAI<\/div><\/span><div class=\"cz_acc_child_content clr\"><ul id=\"cz_99124\" class=\"cz_99124 cz_stylish_list clr cz_sl_icon_hover_push_in\"><li class=\"clr\"><div class=\"cz_sl_icon\"><i class=\"fa czico-092-phone-call-1 mr10\"><\/i><\/div><div><span>Phone<small>65216668 | 86-21-65085543<\/small><\/span><\/div><\/li><li class=\"clr\"><div class=\"cz_sl_icon\"><i class=\"fas fa-fax mr10\"><\/i><\/div><div><span>Fax<small>65085408 | 86-021-65085410<\/small><\/span><\/div><\/li><li class=\"clr\"><div class=\"cz_sl_icon\"><i class=\"fas fa-mobile-alt mr10\"><\/i><\/div><div><span>Mobile<small>86-13916484829<\/small><\/span><\/div><\/li><li class=\"clr\"><div class=\"cz_sl_icon\"><i class=\"fa czico-088-envelope-of-white-paper mr10\"><\/i><\/div><div><span>Email<small>nasco-sha@chiaofeng.com.cn<\/small><\/span><\/div><\/li><li class=\"clr\"><div class=\"cz_sl_icon\"><i class=\"fa czico-083-placeholder-1 mr10\"><\/i><\/div><div><span>Location<small>Room 502-3 Shanghai Trade Square, No. 188 Si Ping Road, Hong Kou District, Shanghai 200086, China<\/small><\/span><\/div><\/li><\/ul><\/div><\/div><div id=\"cz_76216\"><span class=\"cz_acc_child\"><i class=\"cz-acc-i cz-acc-icon fa czico-082-maps-and-flags\" style=\"font-size:30px;color:#0028ba;\"><\/i><div>YI WU<\/div><\/span><div class=\"cz_acc_child_content clr\"><ul id=\"cz_23984\" class=\"cz_23984 cz_stylish_list clr cz_sl_icon_hover_push_in\"><li class=\"clr\"><div class=\"cz_sl_icon\"><i class=\"fa czico-092-phone-call-1 mr10\"><\/i><\/div><div><span>Phone<small>85206617 | 86-579-85206616<\/small><\/span><\/div><\/li><li class=\"clr\"><div class=\"cz_sl_icon\"><i class=\"fas fa-mobile-alt mr10\"><\/i><\/div><div><span>Mobile<small>13757918254 | 86-13486987624<\/small><\/span><\/div><\/li><li class=\"clr\"><div class=\"cz_sl_icon\"><i class=\"fa czico-088-envelope-of-white-paper mr10\"><\/i><\/div><div><span>Email<small>yiwu@chiaofeng.com.cn<\/small><\/span><\/div><\/li><li class=\"clr\"><div class=\"cz_sl_icon\"><i class=\"fa czico-083-placeholder-1 mr10\"><\/i><\/div><div><span>Location<small>No. 1203, Guomao Building, No. 999, North Chou Zhou Road, Yiwu 322000, Zhejiang Province, China<\/small><\/span><\/div><\/li><\/ul><\/div><\/div><div id=\"cz_76216\"><span class=\"cz_acc_child\"><i class=\"cz-acc-i cz-acc-icon fa czico-082-maps-and-flags\" style=\"font-size:30px;color:#0028ba;\"><\/i><div>HONG KONG<\/div><\/span><div class=\"cz_acc_child_content clr\"><ul id=\"cz_44935\" class=\"cz_44935 cz_stylish_list clr cz_sl_icon_hover_push_in\"><li class=\"clr\"><div class=\"cz_sl_icon\"><i class=\"fa czico-092-phone-call-1 mr10\"><\/i><\/div><div><span>Phone<small>852-25444169<\/small><\/span><\/div><\/li><li class=\"clr\"><div class=\"cz_sl_icon\"><i class=\"fas fa-fax mr10\"><\/i><\/div><div><span>Fax<small>852-25453656<\/small><\/span><\/div><\/li><li class=\"clr\"><div class=\"cz_sl_icon\"><i class=\"fas fa-mobile-alt mr10\"><\/i><\/div><div><span>Mobile<small>852-94633140 <\/small><\/span><\/div><\/li><li class=\"clr\"><div class=\"cz_sl_icon\"><i class=\"fa czico-088-envelope-of-white-paper mr10\"><\/i><\/div><div><span>Email<small>connie@chiaofeng.com.hk<\/small><\/span><\/div><\/li><li class=\"clr\"><div class=\"cz_sl_icon\"><i class=\"fa czico-083-placeholder-1 mr10\"><\/i><\/div><div><span>Location<small>2\/F., Wui Tat Centre, 55 Connaught Road West, Sheung Wan, Hong Kong<\/small><\/span><\/div><\/li><\/ul><\/div><\/div><div id=\"cz_76216\"><span class=\"cz_acc_child\"><i class=\"cz-acc-i cz-acc-icon fa czico-082-maps-and-flags\" style=\"font-size:30px;color:#0028ba;\"><\/i><div>TURKEY<\/div><\/span><div class=\"cz_acc_child_content clr\"><ul id=\"cz_25269\" class=\"cz_25269 cz_stylish_list clr cz_sl_icon_hover_push_in\"><li class=\"clr\"><div class=\"cz_sl_icon\"><i class=\"fa czico-092-phone-call-1 mr10\"><\/i><\/div><div><span>Phone<small>02128017465<\/small><\/span><\/div><\/li><li class=\"clr\"><div class=\"cz_sl_icon\"><i class=\"fas fa-fax mr10\"><\/i><\/div><div><span>Fax<small>02128017466<\/small><\/span><\/div><\/li><li class=\"clr\"><div class=\"cz_sl_icon\"><i class=\"fa czico-088-envelope-of-white-paper mr10\"><\/i><\/div><div><span>Email<small>OPERATION@NASHCO.ME<\/small><\/span><\/div><\/li><li class=\"clr\"><div class=\"cz_sl_icon\"><i class=\"fa czico-083-placeholder-1 mr10\"><\/i><\/div><div><span>Location<small>NORTH DEN\u0130ZC\u0130L\u0130K TA\u015eIMACILIK VE T\u0130CARET L\u0130M\u0130TED \u015e\u0130RKET\u0130 KEMALPA\u015eA MAH. ATAT\u00dcRK BULVARI EMLAK BLOKLARI A-BLOK NO:34\/8 FAT\u0130H \u0130STANBUL<\/small><\/span><\/div><\/li><\/ul><\/div><\/div><div id=\"cz_76216\"><span class=\"cz_acc_child\"><i class=\"cz-acc-i cz-acc-icon fa czico-082-maps-and-flags\" style=\"font-size:30px;color:#0028ba;\"><\/i><div>INDONESIA<\/div><\/span><div class=\"cz_acc_child_content clr\"><ul id=\"cz_57855\" class=\"cz_57855 cz_stylish_list clr cz_sl_icon_hover_push_in\"><li class=\"clr\"><div class=\"cz_sl_icon\"><i class=\"fa czico-092-phone-call-1 mr10\"><\/i><\/div><div><span>Phone<small>0062216623128<\/small><\/span><\/div><\/li><li class=\"clr\"><div class=\"cz_sl_icon\"><i class=\"fas fa-fax mr10\"><\/i><\/div><div><span>Fax<small>0062216620373<\/small><\/span><\/div><\/li><li class=\"clr\"><div class=\"cz_sl_icon\"><i class=\"fa czico-083-placeholder-1 mr10\"><\/i><\/div><div><span>Location<small>Pluit Junction, Ruko SH-06 Jl. Pluit Raya No. 1 Jakarta 14450 Indonesia<\/small><\/span><\/div><\/li><\/ul><\/div><\/div><div id=\"cz_76216\"><span class=\"cz_acc_child\"><i class=\"cz-acc-i cz-acc-icon fa czico-082-maps-and-flags\" style=\"font-size:30px;color:#0028ba;\"><\/i><div>THAILAND<\/div><\/span><div class=\"cz_acc_child_content clr\"><ul id=\"cz_25063\" class=\"cz_25063 cz_stylish_list clr cz_sl_icon_hover_push_in\"><li class=\"clr\"><div class=\"cz_sl_icon\"><i class=\"fa czico-092-phone-call-1 mr10\"><\/i><\/div><div><span>Phone<small>662-7159888<\/small><\/span><\/div><\/li><li class=\"clr\"><div class=\"cz_sl_icon\"><i class=\"fas fa-fax mr10\"><\/i><\/div><div><span>Fax<small>662-7159851-3<\/small><\/span><\/div><\/li><li class=\"clr\"><div class=\"cz_sl_icon\"><i class=\"fa czico-083-placeholder-1 mr10\"><\/i><\/div><div><span>Location<small>31 SOI RIMTANGDUAN 2 (SUKHUMVIT 62), SUKHUMVIT ROAD, BANGCHAK, PHRAKANONG, BANGKOK 10260 THAILAND<\/small><\/span><\/div><\/li><\/ul><\/div><\/div><\/div><\/div>[\/vc_column][vc_column]<div class=\"cz_gap clr \" style=\"height: 85px\"><\/div>[\/vc_column][\/vc_row]<\/p>\n<\/section>","protected":false},"excerpt":{"rendered":"<p>[vc_row full_width=&#8221;stretch_row&#8221; css=&#8221;.vc_custom_1608648750187{background-image: url(https:\/\/alryada.ly\/wp-content\/uploads\/2020\/12\/map-1.png?id=1612) !important;background-position: center !important;background-repeat: no-repeat !important;background-size: cover !important;}&#8221;][vc_column][\/vc_column][vc_column &#8230; <\/p>\n","protected":false},"author":1,"featured_media":0,"parent":0,"menu_order":0,"comment_status":"closed","ping_status":"closed","template":"","meta":{"footnotes":""},"_links":{"self":[{"href":"https:\/\/alryada.ly\/en\/wp-json\/wp\/v2\/pages\/6"}],"collection":[{"href":"https:\/\/alryada.ly\/en\/wp-json\/wp\/v2\/pages"}],"about":[{"href":"https:\/\/alryada.ly\/en\/wp-json\/wp\/v2\/types\/page"}],"author":[{"embeddable":true,"href":"https:\/\/alryada.ly\/en\/wp-json\/wp\/v2\/users\/1"}],"replies":[{"embeddable":true,"href":"https:\/\/alryada.ly\/en\/wp-json\/wp\/v2\/comments?post=6"}],"version-history":[{"count":12,"href":"https:\/\/alryada.ly\/en\/wp-json\/wp\/v2\/pages\/6\/revisions"}],"predecessor-version":[{"id":1655,"href":"https:\/\/alryada.ly\/en\/wp-json\/wp\/v2\/pages\/6\/revisions\/1655"}],"wp:attachment":[{"href":"https:\/\/alryada.ly\/en\/wp-json\/wp\/v2\/media?parent=6"}],"curies":[{"name":"wp","href":"https:\/\/api.w.org\/{rel}","templated":true}]}}